{"id":371,"date":"2026-01-07T13:17:17","date_gmt":"2026-01-07T13:17:17","guid":{"rendered":"https:\/\/luzchatbot.wpenginepowered.com\/recursos\/"},"modified":"2026-01-11T17:52:34","modified_gmt":"2026-01-11T17:52:34","slug":"resources","status":"publish","type":"page","link":"https:\/\/luzlab.org\/pt-br\/resources\/","title":{"rendered":"Recursos"},"content":{"rendered":"\n<p>Para saber mais sobre jornalismo de solu\u00e7\u00f5es, convidamos voc\u00ea a consultar os seguintes recursos:<\/p>\n\n\n\n<ul class=\"wp-block-list\">\n<li>A <a href=\"https:\/\/www.solutionsjournalism.org\/\" target=\"_blank\" rel=\"noreferrer noopener nofollow\">Solutions Journalism Network<\/a>, sediada nos EUA, oferece uma variedade de cursos, v\u00eddeos, artigos e muito mais, tudo gratuito.<\/li>\n\n\n\n<li>O melhor lugar para come\u00e7ar no site deles \u00e9 o <a href=\"https:\/\/www.solutionsjournalism.org\/learning-lab\" target=\"_blank\" rel=\"noreferrer noopener nofollow\">Laborat\u00f3rio de Aprendizagem de Jornalismo de Solu\u00e7\u00f5es<\/a>, que oferece um webinar introdut\u00f3rio e uma ampla gama de ferramentas, guias e outros recursos em v\u00e1rios idiomas. Eles oferecem um <a href=\"https:\/\/www.solutionsjournalism.org\/learning-lab\/toolkits-guides\/kit-de-ferramentas-basicas\" target=\"_blank\" rel=\"noreferrer noopener nofollow\">curso b\u00e1sico de ferramentas em portugu\u00eas<\/a>.<\/li>\n\n\n\n<li>O <a href=\"https:\/\/storytracker.solutionsjournalism.org\/\" target=\"_blank\" rel=\"noreferrer noopener nofollow\">Rastreador de Hist\u00f3rias de Solu\u00e7\u00f5es<\/a> da Rede \u00e9 um banco de dados selecionado de hist\u00f3rias de solu\u00e7\u00f5es rigorosas de todo o mundo e \u00e9 um \u00f3timo lugar para encontrar exemplos ou hist\u00f3rias que podem ajudar voc\u00ea a criar sua proposta, al\u00e9m de ajudar a verificar se algu\u00e9m j\u00e1 escreveu sobre sua ideia. O rastreador de hist\u00f3rias pode ser filtrado por idioma, pa\u00eds, assunto e at\u00e9 mesmo por ve\u00edculo de comunica\u00e7\u00e3o ou jornalista.<\/li>\n\n\n\n<li>O Knight Media Center oferece um <a href=\"https:\/\/journalismcourses.org\/product\/jornalismo-de-solucoes-novas-maneiras-de-produzir-suas-reportagens-e-atrair-audiencias\/\" target=\"_blank\" rel=\"noreferrer noopener nofollow\">curso introdut\u00f3rio de Jornalismo de Solu\u00e7\u00f5es<\/a> em portugu\u00eas.<\/li>\n\n\n\n<li>Se voc\u00ea tamb\u00e9m fala espanhol e pratica jornalismo na Am\u00e9rica Latina ou sobre ela, confira as oportunidades adicionais de treinamento e financiamento dispon\u00edveis por meio do <a href=\"https:\/\/luzlab.org\/resources\/\">nosso Fundo de Jornalismo de Solu\u00e7\u00f5es para a Am\u00e9rica Latina.<\/a><\/li>\n<\/ul>\n","protected":false},"excerpt":{"rendered":"<p>Para saber mais sobre jornalismo de solu\u00e7\u00f5es, convidamos voc\u00ea a consultar os seguintes recursos:<\/p>\n","protected":false},"author":2,"featured_media":0,"parent":0,"menu_order":0,"comment_status":"closed","ping_status":"closed","template":"","meta":{"_acf_changed":false,"footnotes":""},"class_list":["post-371","page","type-page","status-publish","hentry"],"acf":[],"yoast_head":"<!-- This site is optimized with the Yoast SEO plugin v27.4 - https:\/\/yoast.com\/product\/yoast-seo-wordpress\/ -->\n<title>Recursos | LuzLab<\/title>\n<meta name=\"robots\" content=\"index, follow, max-snippet:-1, max-image-preview:large, max-video-preview:-1\" \/>\n<link rel=\"canonical\" href=\"https:\/\/luzlab.org\/pt-br\/resources\/\" \/>\n<meta property=\"og:locale\" content=\"pt_BR\" \/>\n<meta property=\"og:type\" content=\"article\" \/>\n<meta property=\"og:title\" content=\"Recursos | LuzLab\" \/>\n<meta property=\"og:description\" content=\"Para saber mais sobre jornalismo de solu\u00e7\u00f5es, convidamos voc\u00ea a consultar os seguintes recursos:\" \/>\n<meta property=\"og:url\" content=\"https:\/\/luzlab.org\/pt-br\/resources\/\" \/>\n<meta property=\"og:site_name\" content=\"LuzLab\" \/>\n<meta property=\"article:modified_time\" content=\"2026-01-11T17:52:34+00:00\" \/>\n<meta property=\"og:image\" content=\"https:\/\/luzlab.org\/wp-content\/uploads\/2025\/12\/opengraph.webp\" \/>\n\t<meta property=\"og:image:width\" content=\"2400\" \/>\n\t<meta property=\"og:image:height\" content=\"1260\" \/>\n\t<meta property=\"og:image:type\" content=\"image\/png\" \/>\n<meta name=\"twitter:card\" content=\"summary_large_image\" \/>\n<meta name=\"twitter:label1\" content=\"Est. tempo de leitura\" \/>\n\t<meta name=\"twitter:data1\" content=\"1 minuto\" \/>\n<script type=\"application\/ld+json\" class=\"yoast-schema-graph\">{\"@context\":\"https:\\\/\\\/schema.org\",\"@graph\":[{\"@type\":\"WebPage\",\"@id\":\"https:\\\/\\\/luzlab.org\\\/pt-br\\\/resources\\\/\",\"url\":\"https:\\\/\\\/luzlab.org\\\/pt-br\\\/resources\\\/\",\"name\":\"Recursos | LuzLab\",\"isPartOf\":{\"@id\":\"https:\\\/\\\/luzlab.org\\\/#website\"},\"datePublished\":\"2026-01-07T13:17:17+00:00\",\"dateModified\":\"2026-01-11T17:52:34+00:00\",\"breadcrumb\":{\"@id\":\"https:\\\/\\\/luzlab.org\\\/pt-br\\\/resources\\\/#breadcrumb\"},\"inLanguage\":\"pt-BR\",\"potentialAction\":[{\"@type\":\"ReadAction\",\"target\":[\"https:\\\/\\\/luzlab.org\\\/pt-br\\\/resources\\\/\"]}]},{\"@type\":\"BreadcrumbList\",\"@id\":\"https:\\\/\\\/luzlab.org\\\/pt-br\\\/resources\\\/#breadcrumb\",\"itemListElement\":[{\"@type\":\"ListItem\",\"position\":1,\"name\":\"Home\",\"item\":\"https:\\\/\\\/luzlab.org\\\/pt-br\\\/\"},{\"@type\":\"ListItem\",\"position\":2,\"name\":\"Recursos\"}]},{\"@type\":\"WebSite\",\"@id\":\"https:\\\/\\\/luzlab.org\\\/#website\",\"url\":\"https:\\\/\\\/luzlab.org\\\/\",\"name\":\"LuzLab\",\"description\":\"\",\"publisher\":{\"@id\":\"https:\\\/\\\/luzlab.org\\\/#organization\"},\"potentialAction\":[{\"@type\":\"SearchAction\",\"target\":{\"@type\":\"EntryPoint\",\"urlTemplate\":\"https:\\\/\\\/luzlab.org\\\/?s={search_term_string}\"},\"query-input\":{\"@type\":\"PropertyValueSpecification\",\"valueRequired\":true,\"valueName\":\"search_term_string\"}}],\"inLanguage\":\"pt-BR\"},{\"@type\":\"Organization\",\"@id\":\"https:\\\/\\\/luzlab.org\\\/#organization\",\"name\":\"Monica Quesada Cordero Site\",\"url\":\"https:\\\/\\\/luzlab.org\\\/\",\"logo\":{\"@type\":\"ImageObject\",\"inLanguage\":\"pt-BR\",\"@id\":\"https:\\\/\\\/luzlab.org\\\/#\\\/schema\\\/logo\\\/image\\\/\",\"url\":\"https:\\\/\\\/luzlab.org\\\/wp-content\\\/uploads\\\/2025\\\/12\\\/logo.webp\",\"contentUrl\":\"https:\\\/\\\/luzlab.org\\\/wp-content\\\/uploads\\\/2025\\\/12\\\/logo.webp\",\"width\":280,\"height\":248,\"caption\":\"Monica Quesada Cordero Site\"},\"image\":{\"@id\":\"https:\\\/\\\/luzlab.org\\\/#\\\/schema\\\/logo\\\/image\\\/\"}}]}<\/script>\n<!-- \/ Yoast SEO plugin. -->","yoast_head_json":{"title":"Recursos | LuzLab","robots":{"index":"index","follow":"follow","max-snippet":"max-snippet:-1","max-image-preview":"max-image-preview:large","max-video-preview":"max-video-preview:-1"},"canonical":"https:\/\/luzlab.org\/pt-br\/resources\/","og_locale":"pt_BR","og_type":"article","og_title":"Recursos | LuzLab","og_description":"Para saber mais sobre jornalismo de solu\u00e7\u00f5es, convidamos voc\u00ea a consultar os seguintes recursos:","og_url":"https:\/\/luzlab.org\/pt-br\/resources\/","og_site_name":"LuzLab","article_modified_time":"2026-01-11T17:52:34+00:00","og_image":[{"width":2400,"height":1260,"url":"https:\/\/luzlab.org\/wp-content\/uploads\/2025\/12\/opengraph.webp","type":"image\/png"}],"twitter_card":"summary_large_image","twitter_misc":{"Est. tempo de leitura":"1 minuto"},"schema":{"@context":"https:\/\/schema.org","@graph":[{"@type":"WebPage","@id":"https:\/\/luzlab.org\/pt-br\/resources\/","url":"https:\/\/luzlab.org\/pt-br\/resources\/","name":"Recursos | LuzLab","isPartOf":{"@id":"https:\/\/luzlab.org\/#website"},"datePublished":"2026-01-07T13:17:17+00:00","dateModified":"2026-01-11T17:52:34+00:00","breadcrumb":{"@id":"https:\/\/luzlab.org\/pt-br\/resources\/#breadcrumb"},"inLanguage":"pt-BR","potentialAction":[{"@type":"ReadAction","target":["https:\/\/luzlab.org\/pt-br\/resources\/"]}]},{"@type":"BreadcrumbList","@id":"https:\/\/luzlab.org\/pt-br\/resources\/#breadcrumb","itemListElement":[{"@type":"ListItem","position":1,"name":"Home","item":"https:\/\/luzlab.org\/pt-br\/"},{"@type":"ListItem","position":2,"name":"Recursos"}]},{"@type":"WebSite","@id":"https:\/\/luzlab.org\/#website","url":"https:\/\/luzlab.org\/","name":"LuzLab","description":"","publisher":{"@id":"https:\/\/luzlab.org\/#organization"},"potentialAction":[{"@type":"SearchAction","target":{"@type":"EntryPoint","urlTemplate":"https:\/\/luzlab.org\/?s={search_term_string}"},"query-input":{"@type":"PropertyValueSpecification","valueRequired":true,"valueName":"search_term_string"}}],"inLanguage":"pt-BR"},{"@type":"Organization","@id":"https:\/\/luzlab.org\/#organization","name":"Monica Quesada Cordero Site","url":"https:\/\/luzlab.org\/","logo":{"@type":"ImageObject","inLanguage":"pt-BR","@id":"https:\/\/luzlab.org\/#\/schema\/logo\/image\/","url":"https:\/\/luzlab.org\/wp-content\/uploads\/2025\/12\/logo.webp","contentUrl":"https:\/\/luzlab.org\/wp-content\/uploads\/2025\/12\/logo.webp","width":280,"height":248,"caption":"Monica Quesada Cordero Site"},"image":{"@id":"https:\/\/luzlab.org\/#\/schema\/logo\/image\/"}}]}},"_links":{"self":[{"href":"https:\/\/luzlab.org\/pt-br\/wp-json\/wp\/v2\/pages\/371","targetHints":{"allow":["GET"]}}],"collection":[{"href":"https:\/\/luzlab.org\/pt-br\/wp-json\/wp\/v2\/pages"}],"about":[{"href":"https:\/\/luzlab.org\/pt-br\/wp-json\/wp\/v2\/types\/page"}],"author":[{"embeddable":true,"href":"https:\/\/luzlab.org\/pt-br\/wp-json\/wp\/v2\/users\/2"}],"replies":[{"embeddable":true,"href":"https:\/\/luzlab.org\/pt-br\/wp-json\/wp\/v2\/comments?post=371"}],"version-history":[{"count":0,"href":"https:\/\/luzlab.org\/pt-br\/wp-json\/wp\/v2\/pages\/371\/revisions"}],"wp:attachment":[{"href":"https:\/\/luzlab.org\/pt-br\/wp-json\/wp\/v2\/media?parent=371"}],"curies":[{"name":"wp","href":"https:\/\/api.w.org\/{rel}","templated":true}]}}